{"id":118266,"date":"2022-09-28T14:08:50","date_gmt":"2022-09-28T14:08:50","guid":{"rendered":"https:\/\/takedastg.wpenginepowered.com\/preguntas-frecuentes\/"},"modified":"2025-01-31T17:35:14","modified_gmt":"2025-01-31T17:35:14","slug":"preguntas-frecuentes","status":"publish","type":"page","link":"https:\/\/crctrial.com\/es-us\/preguntas-frecuentes\/","title":{"rendered":"Preguntas Frecuentes"},"content":{"rendered":"<div class=\"wpb-content-wrapper\"><p>[vc_row unlock_row_content=&#8221;yes&#8221; row_height_percent=&#8221;100&#8243; override_padding=&#8221;yes&#8221; h_padding=&#8221;0&#8243; top_padding=&#8221;0&#8243; bottom_padding=&#8221;0&#8243; back_color=&#8221;color-nhtu&#8221; overlay_alpha=&#8221;50&#8243; equal_height=&#8221;yes&#8221; gutter_size=&#8221;3&#8243; column_width_percent=&#8221;100&#8243; shift_y=&#8221;0&#8243; z_index=&#8221;0&#8243; uncode_shortcode_id=&#8221;165575&#8243; back_color_type=&#8221;uncode-palette&#8221;][vc_column column_width_percent=&#8221;100&#8243; position_vertical=&#8221;middle&#8221; gutter_size=&#8221;3&#8243; override_padding=&#8221;yes&#8221; column_padding=&#8221;4&#8243; overlay_alpha=&#8221;50&#8243; shift_x=&#8221;0&#8243; shift_y=&#8221;0&#8243; shift_y_down=&#8221;0&#8243; z_index=&#8221;0&#8243; medium_width=&#8221;0&#8243; mobile_width=&#8221;0&#8243; width=&#8221;1\/2&#8243; uncode_shortcode_id=&#8221;110919&#8243;][vc_custom_heading heading_semantic=&#8221;h1&#8243; text_space=&#8221;fontspace-141318&#8243; sub_lead=&#8221;yes&#8221; uncode_shortcode_id=&#8221;659651&#8243;]<b>Preguntas frecuentes\u00a0<\/b>[\/vc_custom_heading][vc_button size=&#8221;link&#8221; btn_link_underline=&#8221;btn-underline-in&#8221; icon=&#8221;fa fa-arrow-down2&#8243; uncode_shortcode_id=&#8221;572393&#8243; link=&#8221;url:%23questions&#8221;]Sus preguntas, con respuestas[\/vc_button][\/vc_column][vc_column column_width_percent=&#8221;100&#8243; position_horizontal=&#8221;right&#8221; position_vertical=&#8221;middle&#8221; gutter_size=&#8221;3&#8243; override_padding=&#8221;yes&#8221; column_padding=&#8221;0&#8243; overlay_alpha=&#8221;50&#8243; shift_x=&#8221;0&#8243; shift_y=&#8221;0&#8243; shift_y_down=&#8221;0&#8243; z_index=&#8221;0&#8243; medium_width=&#8221;0&#8243; mobile_width=&#8221;0&#8243; width=&#8221;1\/2&#8243; uncode_shortcode_id=&#8221;155617&#8243; el_id=&#8221;header-images&#8221; el_class=&#8221;header-images&#8221;][vc_single_image media=&#8221;118248&#8243; media_width_percent=&#8221;100&#8243; alignment=&#8221;center&#8221; uncode_shortcode_id=&#8221;931063&#8243; el_id=&#8221;hero-image&#8221; el_class=&#8221;hero-image&#8221;][\/vc_column][\/vc_row][vc_row unlock_row_content=&#8221;yes&#8221; row_height_percent=&#8221;0&#8243; override_padding=&#8221;yes&#8221; h_padding=&#8221;5&#8243; top_padding=&#8221;2&#8243; bottom_padding=&#8221;2&#8243; back_color=&#8221;accent&#8221; overlay_alpha=&#8221;50&#8243; gutter_size=&#8221;4&#8243; column_width_percent=&#8221;100&#8243; shift_y=&#8221;0&#8243; z_index=&#8221;0&#8243; uncode_shortcode_id=&#8221;399043&#8243; row_name=&#8221;questions&#8221; back_color_type=&#8221;uncode-palette&#8221;][vc_column width=&#8221;1\/1&#8243;][vc_empty_space empty_h=&#8221;2&#8243;][\/vc_column][\/vc_row][vc_row unlock_row_content=&#8221;yes&#8221; row_height_percent=&#8221;0&#8243; override_padding=&#8221;yes&#8221; h_padding=&#8221;5&#8243; top_padding=&#8221;2&#8243; bottom_padding=&#8221;2&#8243; back_color=&#8221;accent&#8221; overlay_alpha=&#8221;50&#8243; gutter_size=&#8221;4&#8243; column_width_percent=&#8221;100&#8243; shift_y=&#8221;0&#8243; z_index=&#8221;0&#8243; uncode_shortcode_id=&#8221;399043&#8243; row_name=&#8221;questions&#8221; back_color_type=&#8221;uncode-palette&#8221;][vc_column width=&#8221;1\/2&#8243;][vc_custom_heading heading_semantic=&#8221;h4&#8243; text_size=&#8221;h4&#8243; uncode_shortcode_id=&#8221;808365&#8243; subheading=&#8221;El medicamento contra el c\u00e1ncer que se administra en este estudio es un tratamiento oral (se toma por la boca). Se administra en ciclos de 4 semanas, con 3 semanas de tratamiento y 1 semana de descanso.&#8221;]<b>\u00bfCu\u00e1l es el tratamiento en este estudio?<\/b>[\/vc_custom_heading][vc_custom_heading heading_semantic=&#8221;h4&#8243; text_size=&#8221;h4&#8243; uncode_shortcode_id=&#8221;789619&#8243; subheading=&#8221;Los ciclos de tratamiento se repetir\u00e1n en tanto el m\u00e9dico del estudio determine que el tratamiento le brinda beneficios.&#8221;]<b>\u00bfPor cu\u00e1nto tiempo tomar\u00e9 el tratamiento?<\/b>[\/vc_custom_heading][\/vc_column][vc_column width=&#8221;1\/2&#8243;][vc_custom_heading heading_semantic=&#8221;h4&#8243; text_size=&#8221;h4&#8243; uncode_shortcode_id=&#8221;190429&#8243; subheading=&#8221;Como con cualquier medicamento contra el c\u00e1ncer, existe el riesgo que haya efectos secundarios. El m\u00e9dico del estudio controlar\u00e1 de cerca su salud y bienestar.&#8221;]<b>\u00bfCu\u00e1les son los riesgos de participar en este estudio?<\/b>[\/vc_custom_heading][vc_custom_heading heading_semantic=&#8221;h4&#8243; text_size=&#8221;h4&#8243; uncode_shortcode_id=&#8221;104823&#8243; subheading=&#8221;Mientras est\u00e9 en el estudio, continuar\u00e1 con su tratamiento habitual contra el c\u00e1ncer. Tambi\u00e9n tendr\u00e1 visitas frecuentes con el m\u00e9dico del estudio, quien puede ser el mismo m\u00e9dico que ya consulta para su tratamiento contra el c\u00e1ncer.&#8221;]<b>\u00bfCu\u00e1les son los beneficios de participar en este estudio?<\/b>[\/vc_custom_heading][\/vc_column][\/vc_row][vc_row unlock_row_content=&#8221;yes&#8221; row_height_percent=&#8221;0&#8243; override_padding=&#8221;yes&#8221; h_padding=&#8221;5&#8243; top_padding=&#8221;2&#8243; bottom_padding=&#8221;2&#8243; back_color=&#8221;accent&#8221; overlay_alpha=&#8221;50&#8243; gutter_size=&#8221;4&#8243; column_width_percent=&#8221;100&#8243; shift_y=&#8221;0&#8243; z_index=&#8221;0&#8243; uncode_shortcode_id=&#8221;399043&#8243; row_name=&#8221;questions&#8221; back_color_type=&#8221;uncode-palette&#8221;][vc_column width=&#8221;1\/1&#8243;][vc_empty_space empty_h=&#8221;2&#8243;][\/vc_column][\/vc_row][vc_row unlock_row_content=&#8221;yes&#8221; row_height_percent=&#8221;0&#8243; override_padding=&#8221;yes&#8221; h_padding=&#8221;5&#8243; top_padding=&#8221;2&#8243; bottom_padding=&#8221;2&#8243; back_color=&#8221;color-118957&#8243; overlay_alpha=&#8221;50&#8243; gutter_size=&#8221;4&#8243; column_width_percent=&#8221;100&#8243; shift_y=&#8221;0&#8243; z_index=&#8221;0&#8243; uncode_shortcode_id=&#8221;623751&#8243; row_name=&#8221;faq&#8221; back_color_type=&#8221;uncode-palette&#8221;][vc_column width=&#8221;1\/2&#8243;][vc_custom_heading heading_semantic=&#8221;h4&#8243; text_size=&#8221;h4&#8243; uncode_shortcode_id=&#8221;940324&#8243; subheading=&#8221;El tratamiento, las pruebas y las visitas al m\u00e9dico relacionadas con el estudio pueden proporcionarse sin costo alguno para usted.&#8221;]<b>\u00bfTendr\u00e9 que pagar el tratamiento?<\/b>[\/vc_custom_heading][vc_custom_heading heading_semantic=&#8221;h4&#8243; text_size=&#8221;h4&#8243; uncode_shortcode_id=&#8221;121609&#8243; subheading=&#8221;El estudio est\u00e1 patrocinado por Takeda, una empresa farmac\u00e9utica global cuya visi\u00f3n es descubrir y ofrecer tratamientos transformadores para la vida, guiados por un compromiso con los pacientes, las personas y el planeta.&#8221;]<b>\u00bfQui\u00e9n es el patrocinador de este estudio?<\/b>[\/vc_custom_heading][\/vc_column][vc_column width=&#8221;1\/2&#8243;][vc_custom_heading heading_semantic=&#8221;h4&#8243; text_size=&#8221;h4&#8243; uncode_shortcode_id=&#8221;134022&#8243; subheading=&#8221;Si le interesa obtener m\u00e1s informaci\u00f3n y posiblemente participar en el estudio, complete las preguntas de preselecci\u00f3n. Si precalifica, puede optar por compartir su informaci\u00f3n de contacto. El personal del centro de estudio m\u00e1s cercano se comunicar\u00e1 con usted.&#8221;]<b>\u00bfC\u00f3mo participo en el estudio?<\/b>[\/vc_custom_heading][\/vc_column][\/vc_row]<\/p>\n<\/div>","protected":false},"excerpt":{"rendered":"<p>[vc_row unlock_row_content=&#8221;yes&#8221; row_height_percent=&#8221;100&#8243; override_padding=&#8221;yes&#8221; h_padding=&#8221;0&#8243; top_padding=&#8221;0&#8243; bottom_padding=&#8221;0&#8243; back_color=&#8221;color-nhtu&#8221; overlay_alpha=&#8221;50&#8243; equal_height=&#8221;yes&#8221; gutter_size=&#8221;3&#8243; column_width_percent=&#8221;100&#8243; shift_y=&#8221;0&#8243; z_index=&#8221;0&#8243; uncode_shortcode_id=&#8221;165575&#8243; back_color_type=&#8221;uncode-palette&#8221;][vc_column column_width_percent=&#8221;100&#8243; position_vertical=&#8221;middle&#8221; gutter_size=&#8221;3&#8243; override_padding=&#8221;yes&#8221; [&hellip;]<\/p>\n","protected":false},"author":2,"featured_media":0,"parent":0,"menu_order":0,"comment_status":"closed","ping_status":"closed","template":"","meta":{"footnotes":""},"class_list":["post-118266","page","type-page","status-publish","hentry"],"aioseo_notices":[],"_links":{"self":[{"href":"https:\/\/crctrial.com\/es-us\/wp-json\/wp\/v2\/pages\/118266","targetHints":{"allow":["GET"]}}],"collection":[{"href":"https:\/\/crctrial.com\/es-us\/wp-json\/wp\/v2\/pages"}],"about":[{"href":"https:\/\/crctrial.com\/es-us\/wp-json\/wp\/v2\/types\/page"}],"author":[{"embeddable":true,"href":"https:\/\/crctrial.com\/es-us\/wp-json\/wp\/v2\/users\/2"}],"replies":[{"embeddable":true,"href":"https:\/\/crctrial.com\/es-us\/wp-json\/wp\/v2\/comments?post=118266"}],"version-history":[{"count":0,"href":"https:\/\/crctrial.com\/es-us\/wp-json\/wp\/v2\/pages\/118266\/revisions"}],"wp:attachment":[{"href":"https:\/\/crctrial.com\/es-us\/wp-json\/wp\/v2\/media?parent=118266"}],"curies":[{"name":"wp","href":"https:\/\/api.w.org\/{rel}","templated":true}]}}