{"id":118269,"date":"2022-10-06T07:25:53","date_gmt":"2022-10-06T07:25:53","guid":{"rendered":"https:\/\/takedastg.wpenginepowered.com\/no-apto-para-participar\/"},"modified":"2024-11-28T11:05:56","modified_gmt":"2024-11-28T11:05:56","slug":"no-apto-para-participar","status":"publish","type":"page","link":"https:\/\/crctrial.com\/es-us\/participe-en-el-estudio\/no-apto-para-participar\/","title":{"rendered":"No apto para participar"},"content":{"rendered":"<div class=\"wpb-content-wrapper\"><p>[vc_row row_height_percent=&#8221;100&#8243; back_color=&#8221;color-xsdn&#8221; overlay_alpha=&#8221;50&#8243; gutter_size=&#8221;4&#8243; column_width_percent=&#8221;100&#8243; shift_y=&#8221;0&#8243; z_index=&#8221;0&#8243; uncode_shortcode_id=&#8221;448360&#8243; back_color_type=&#8221;uncode-palette&#8221;][vc_column column_width_percent=&#8221;100&#8243; position_vertical=&#8221;middle&#8221; align_horizontal=&#8221;align_center&#8221; gutter_size=&#8221;3&#8243; overlay_alpha=&#8221;50&#8243; shift_x=&#8221;0&#8243; shift_y=&#8221;0&#8243; shift_y_down=&#8221;0&#8243; z_index=&#8221;0&#8243; medium_width=&#8221;0&#8243; mobile_width=&#8221;0&#8243; uncode_shortcode_id=&#8221;778729&#8243; width=&#8221;1\/1&#8243;][vc_column_text text_color=&#8221;color-jevc&#8221; uncode_shortcode_id=&#8221;174505&#8243; text_color_type=&#8221;uncode-palette&#8221;]Gracias por su inter\u00e9s. Basado en sus respuestas, usted no es apto para participar en el estudio TAK-113-4002 dirigido a adultos negros y latinos con c\u00e1ncer colorrectal metast\u00e1sico con tratamiento previo. Haga clic <a style=\"text-decoration: underline !important;\" href=\"https:\/\/crctrial.com\/es-us\/\">aqu\u00ed<\/a> para obtener m\u00e1s informaci\u00f3n sobre este estudio. Para buscar otros estudios cl\u00ednicos, visite <a href=\"https:\/\/clinicaltrials.gov\/\" target=\"_blank\" rel=\"noopener\">clinicaltrials.gov<\/a><i>.<\/i>[\/vc_column_text][vc_button border_width=&#8221;0&#8243; link=&#8221;url:https%3A%2F%2Fcrctrial.com%2Fes-us%2F|title:Acerca%20del%20estudio|&#8221; uncode_shortcode_id=&#8221;155806&#8243;]Volver a la p\u00e1gina de inicio[\/vc_button][\/vc_column][\/vc_row]<\/p>\n<\/div>","protected":false},"excerpt":{"rendered":"<p>[vc_row row_height_percent=&#8221;100&#8243; back_color=&#8221;color-xsdn&#8221; overlay_alpha=&#8221;50&#8243; gutter_size=&#8221;4&#8243; column_width_percent=&#8221;100&#8243; shift_y=&#8221;0&#8243; z_index=&#8221;0&#8243; uncode_shortcode_id=&#8221;448360&#8243; back_color_type=&#8221;uncode-palette&#8221;][vc_column column_width_percent=&#8221;100&#8243; position_vertical=&#8221;middle&#8221; align_horizontal=&#8221;align_center&#8221; gutter_size=&#8221;3&#8243; overlay_alpha=&#8221;50&#8243; shift_x=&#8221;0&#8243; shift_y=&#8221;0&#8243; shift_y_down=&#8221;0&#8243; z_index=&#8221;0&#8243; medium_width=&#8221;0&#8243; [&hellip;]<\/p>\n","protected":false},"author":2,"featured_media":0,"parent":118271,"menu_order":0,"comment_status":"closed","ping_status":"closed","template":"","meta":{"footnotes":""},"class_list":["post-118269","page","type-page","status-publish","hentry"],"aioseo_notices":[],"_links":{"self":[{"href":"https:\/\/crctrial.com\/es-us\/wp-json\/wp\/v2\/pages\/118269","targetHints":{"allow":["GET"]}}],"collection":[{"href":"https:\/\/crctrial.com\/es-us\/wp-json\/wp\/v2\/pages"}],"about":[{"href":"https:\/\/crctrial.com\/es-us\/wp-json\/wp\/v2\/types\/page"}],"author":[{"embeddable":true,"href":"https:\/\/crctrial.com\/es-us\/wp-json\/wp\/v2\/users\/2"}],"replies":[{"embeddable":true,"href":"https:\/\/crctrial.com\/es-us\/wp-json\/wp\/v2\/comments?post=118269"}],"version-history":[{"count":0,"href":"https:\/\/crctrial.com\/es-us\/wp-json\/wp\/v2\/pages\/118269\/revisions"}],"up":[{"embeddable":true,"href":"https:\/\/crctrial.com\/es-us\/wp-json\/wp\/v2\/pages\/118271"}],"wp:attachment":[{"href":"https:\/\/crctrial.com\/es-us\/wp-json\/wp\/v2\/media?parent=118269"}],"curies":[{"name":"wp","href":"https:\/\/api.w.org\/{rel}","templated":true}]}}