{"id":118346,"date":"2025-01-31T19:26:41","date_gmt":"2025-01-31T19:26:41","guid":{"rendered":"https:\/\/takedastg.wpenginepowered.com\/confirmacion\/"},"modified":"2025-01-31T21:27:39","modified_gmt":"2025-01-31T21:27:39","slug":"confirmacion","status":"publish","type":"page","link":"https:\/\/crctrial.com\/es-us\/confirmacion\/","title":{"rendered":"Confirmaci\u00f3n"},"content":{"rendered":"<div class=\"wpb-content-wrapper\"><p>[vc_row unlock_row_content=&#8221;yes&#8221; row_height_percent=&#8221;100&#8243; override_padding=&#8221;yes&#8221; h_padding=&#8221;0&#8243; top_padding=&#8221;0&#8243; bottom_padding=&#8221;2&#8243; back_color=&#8221;accent&#8221; overlay_alpha=&#8221;50&#8243; gutter_size=&#8221;3&#8243; column_width_percent=&#8221;100&#8243; shift_y=&#8221;0&#8243; z_index=&#8221;0&#8243; uncode_shortcode_id=&#8221;136977&#8243; back_color_type=&#8221;uncode-palette&#8221;][vc_column column_width_percent=&#8221;100&#8243; gutter_size=&#8221;3&#8243; overlay_alpha=&#8221;50&#8243; shift_x=&#8221;0&#8243; shift_y=&#8221;0&#8243; shift_y_down=&#8221;0&#8243; z_index=&#8221;0&#8243; medium_width=&#8221;0&#8243; mobile_width=&#8221;0&#8243; uncode_shortcode_id=&#8221;668654&#8243; width=&#8221;1\/2&#8243;][vc_single_image media=&#8221;118254&#8243; media_width_percent=&#8221;100&#8243; alignment=&#8221;right&#8221; uncode_shortcode_id=&#8221;213668&#8243;][\/vc_column][vc_column column_width_percent=&#8221;100&#8243; position_vertical=&#8221;middle&#8221; gutter_size=&#8221;3&#8243; override_padding=&#8221;yes&#8221; column_padding=&#8221;3&#8243; overlay_alpha=&#8221;50&#8243; shift_x=&#8221;0&#8243; shift_y=&#8221;0&#8243; shift_y_down=&#8221;0&#8243; z_index=&#8221;0&#8243; medium_width=&#8221;0&#8243; mobile_width=&#8221;0&#8243; width=&#8221;1\/2&#8243; uncode_shortcode_id=&#8221;589288&#8243;][vc_column_text text_lead=&#8221;yes&#8221; uncode_shortcode_id=&#8221;867315&#8243;]Inscripci\u00f3n recibida. Nuestro equipo de estudio se pondr\u00e1 en contacto contigo en breve. Si no recibes noticias nuestras en el plazo de 2 d\u00edas laborables, ponte en contacto con la <a style=\"color: #000000 !important; text-decoration: underline !important;\" href=\"\/#locations\">sede elegida.<\/a>[\/vc_column_text][vc_raw_js]JTNDc2NyaXB0JTIwdHlwZSUzRCUyMnRleHQlMkZqYXZhc2NyaXB0JTIyJTNFJTIwJTBBdmFyJTIwZGF0YUxheWVyJTIwJTNEJTIwd2luZG93LmRhdGFMYXllciUyMCUzRCUyMHdpbmRvdy5kYXRhTGF5ZXIlMjAlN0MlN0MlMjAlNUIlNUQlM0IlMEFkYXRhTGF5ZXIucHVzaCUyOCU3QiUwQSUyMCUyMCUyMmV2ZW50JTIyJTNBJTIwJTIyc2NyZWVuZXJfY29tcGxldGVfcXVhbGlmaWVkJTIyJTBBJTdEJTI5JTNCJTBBJTIwJTNDJTJGc2NyaXB0JTNF[\/vc_raw_js][\/vc_column][\/vc_row]<\/p>\n<\/div>","protected":false},"excerpt":{"rendered":"<p>[vc_row unlock_row_content=&#8221;yes&#8221; row_height_percent=&#8221;100&#8243; override_padding=&#8221;yes&#8221; h_padding=&#8221;0&#8243; top_padding=&#8221;0&#8243; bottom_padding=&#8221;2&#8243; back_color=&#8221;accent&#8221; overlay_alpha=&#8221;50&#8243; gutter_size=&#8221;3&#8243; column_width_percent=&#8221;100&#8243; shift_y=&#8221;0&#8243; z_index=&#8221;0&#8243; uncode_shortcode_id=&#8221;136977&#8243; back_color_type=&#8221;uncode-palette&#8221;][vc_column column_width_percent=&#8221;100&#8243; gutter_size=&#8221;3&#8243; overlay_alpha=&#8221;50&#8243; shift_x=&#8221;0&#8243; shift_y=&#8221;0&#8243; [&hellip;]<\/p>\n","protected":false},"author":5,"featured_media":0,"parent":0,"menu_order":0,"comment_status":"closed","ping_status":"closed","template":"","meta":{"footnotes":""},"class_list":["post-118346","page","type-page","status-publish","hentry"],"aioseo_notices":[],"_links":{"self":[{"href":"https:\/\/crctrial.com\/es-us\/wp-json\/wp\/v2\/pages\/118346","targetHints":{"allow":["GET"]}}],"collection":[{"href":"https:\/\/crctrial.com\/es-us\/wp-json\/wp\/v2\/pages"}],"about":[{"href":"https:\/\/crctrial.com\/es-us\/wp-json\/wp\/v2\/types\/page"}],"author":[{"embeddable":true,"href":"https:\/\/crctrial.com\/es-us\/wp-json\/wp\/v2\/users\/5"}],"replies":[{"embeddable":true,"href":"https:\/\/crctrial.com\/es-us\/wp-json\/wp\/v2\/comments?post=118346"}],"version-history":[{"count":0,"href":"https:\/\/crctrial.com\/es-us\/wp-json\/wp\/v2\/pages\/118346\/revisions"}],"wp:attachment":[{"href":"https:\/\/crctrial.com\/es-us\/wp-json\/wp\/v2\/media?parent=118346"}],"curies":[{"name":"wp","href":"https:\/\/api.w.org\/{rel}","templated":true}]}}